{"id":19,"date":"2021-08-05T00:20:47","date_gmt":"2021-08-05T00:20:47","guid":{"rendered":"https:\/\/hispalisimperium.es\/?page_id=19"},"modified":"2023-08-30T15:43:54","modified_gmt":"2023-08-30T15:43:54","slug":"acerca-de","status":"publish","type":"page","link":"https:\/\/hispalisimperium.es\/?page_id=19","title":{"rendered":"Nosotros"},"content":{"rendered":"\n<p class=\"wp-block-paragraph\"><strong>Hispalis Imperium <\/strong>nace del deseo de unir en un \u00fanico evento el trabajo conjunto de 2 Asociaciones Culturales: \u201cAlea Iacta Est\u201d en Dos Hermanas y \u201cBaluarte\u201d en Sevilla capital y que se han dedicado durante mucho tiempo a organizar eventos y actividades relacionadas con los distintos juegos de GamesWorkShop\u2122 .&nbsp; Como fruto de este esfuerzo nace el GT de Sevilla de Warhammer 40k. Y con \u00e9l el Grupo Hispalis Imperium cuyo nucleo se encuentra en Alea Iacta Est. <\/p>\n\n\n\n<p class=\"wp-block-paragraph\">\u00daLTIMA HORA<\/p>\n\n\n\n<p class=\"wp-block-paragraph\">Despu\u00e9s de innumerables pesquisas se han conseguido identificar a algunos de los responsables del evento en el que acabar\u00e1s tirando dados en pleno puente de la Constituci\u00f3n. Como martires que sois acabareis sufriendo las mal\u00edsimas noches sevillanas, padeciendo su pesisima gastronom\u00eda, por supuesto ni se os ocurra pedir un Serranito y ni oseis pensar en pedir una cerveza de la Cruz del Campo. Estar\u00e9is rodeados de culosduros y personas de mal vivir, que en vez de tener nombres de personas normales y decentes preferiran queles llameis Kal France, Horus y demas nombres extra\u00f1os. Que adem\u00e1s de propina dicen miniaturas en vez de mu\u00f1equitos y a los que es mejor no preguntarles si prefieren los marines achaparrados o los primaris ya que provocareis discusiones sin sentido larguisimas de las que solo ellos pueden entender. Avisados est\u00e1is , aqu\u00ed ten\u00e9is sus retrataduras. <\/p>\n\n\n\n<p class=\"wp-block-paragraph\"><\/p>\n\n\n\n<p class=\"wp-block-paragraph\"><\/p>\n\n\n\n<figure class=\"wp-block-gallery has-nested-images columns-7 wp-block-gallery-1 is-layout-flex wp-block-gallery-is-layout-flex\">\n<figure class=\"wp-block-image size-large\"><img loading=\"lazy\" decoding=\"async\" width=\"801\" height=\"796\" data-id=\"401\" src=\"https:\/\/hispalisimperium.es\/wp-content\/uploads\/2021\/12\/WhatsApp-Image-2021-11-29-at-7.56.02-PM-1.jpeg\" alt=\"\" class=\"wp-image-401\" srcset=\"https:\/\/hispalisimperium.es\/wp-content\/uploads\/2021\/12\/WhatsApp-Image-2021-11-29-at-7.56.02-PM-1.jpeg 801w, https:\/\/hispalisimperium.es\/wp-content\/uploads\/2021\/12\/WhatsApp-Image-2021-11-29-at-7.56.02-PM-1-300x298.jpeg 300w, https:\/\/hispalisimperium.es\/wp-content\/uploads\/2021\/12\/WhatsApp-Image-2021-11-29-at-7.56.02-PM-1-100x100.jpeg 100w, https:\/\/hispalisimperium.es\/wp-content\/uploads\/2021\/12\/WhatsApp-Image-2021-11-29-at-7.56.02-PM-1-768x763.jpeg 768w\" sizes=\"auto, (max-width: 801px) 100vw, 801px\" \/><\/figure>\n\n\n\n<figure class=\"wp-block-image size-large\"><img loading=\"lazy\" decoding=\"async\" width=\"570\" height=\"815\" data-id=\"395\" src=\"https:\/\/hispalisimperium.es\/wp-content\/uploads\/2021\/12\/KIKE-2.jpeg\" alt=\"\" class=\"wp-image-395\" srcset=\"https:\/\/hispalisimperium.es\/wp-content\/uploads\/2021\/12\/KIKE-2.jpeg 570w, https:\/\/hispalisimperium.es\/wp-content\/uploads\/2021\/12\/KIKE-2-210x300.jpeg 210w\" sizes=\"auto, (max-width: 570px) 100vw, 570px\" \/><\/figure>\n\n\n\n<figure class=\"wp-block-image size-large\"><img loading=\"lazy\" decoding=\"async\" width=\"683\" height=\"745\" data-id=\"396\" src=\"https:\/\/hispalisimperium.es\/wp-content\/uploads\/2021\/12\/MANOLO-2.jpeg\" alt=\"\" class=\"wp-image-396\" srcset=\"https:\/\/hispalisimperium.es\/wp-content\/uploads\/2021\/12\/MANOLO-2.jpeg 683w, https:\/\/hispalisimperium.es\/wp-content\/uploads\/2021\/12\/MANOLO-2-275x300.jpeg 275w\" sizes=\"auto, (max-width: 683px) 100vw, 683px\" \/><\/figure>\n\n\n\n<figure class=\"wp-block-image size-large\"><img loading=\"lazy\" decoding=\"async\" width=\"528\" height=\"722\" data-id=\"397\" src=\"https:\/\/hispalisimperium.es\/wp-content\/uploads\/2021\/12\/ONIX-1.jpeg\" alt=\"\" class=\"wp-image-397\" srcset=\"https:\/\/hispalisimperium.es\/wp-content\/uploads\/2021\/12\/ONIX-1.jpeg 528w, https:\/\/hispalisimperium.es\/wp-content\/uploads\/2021\/12\/ONIX-1-219x300.jpeg 219w\" sizes=\"auto, (max-width: 528px) 100vw, 528px\" \/><\/figure>\n\n\n\n<figure class=\"wp-block-image size-large\"><img loading=\"lazy\" decoding=\"async\" width=\"642\" height=\"705\" data-id=\"398\" src=\"https:\/\/hispalisimperium.es\/wp-content\/uploads\/2021\/12\/RAMON-1.jpeg\" alt=\"\" class=\"wp-image-398\" srcset=\"https:\/\/hispalisimperium.es\/wp-content\/uploads\/2021\/12\/RAMON-1.jpeg 642w, https:\/\/hispalisimperium.es\/wp-content\/uploads\/2021\/12\/RAMON-1-273x300.jpeg 273w\" sizes=\"auto, (max-width: 642px) 100vw, 642px\" \/><\/figure>\n\n\n\n<figure class=\"wp-block-image size-large\"><img loading=\"lazy\" decoding=\"async\" width=\"575\" height=\"707\" data-id=\"400\" src=\"https:\/\/hispalisimperium.es\/wp-content\/uploads\/2021\/12\/VICTORIA-2.jpeg\" alt=\"\" class=\"wp-image-400\" srcset=\"https:\/\/hispalisimperium.es\/wp-content\/uploads\/2021\/12\/VICTORIA-2.jpeg 575w, https:\/\/hispalisimperium.es\/wp-content\/uploads\/2021\/12\/VICTORIA-2-244x300.jpeg 244w\" sizes=\"auto, (max-width: 575px) 100vw, 575px\" \/><\/figure>\n\n\n\n<figure class=\"wp-block-image size-large\"><img loading=\"lazy\" decoding=\"async\" width=\"659\" height=\"772\" data-id=\"393\" src=\"https:\/\/hispalisimperium.es\/wp-content\/uploads\/2021\/12\/JHONY-K-3.jpeg\" alt=\"\" class=\"wp-image-393\" srcset=\"https:\/\/hispalisimperium.es\/wp-content\/uploads\/2021\/12\/JHONY-K-3.jpeg 659w, https:\/\/hispalisimperium.es\/wp-content\/uploads\/2021\/12\/JHONY-K-3-256x300.jpeg 256w\" sizes=\"auto, (max-width: 659px) 100vw, 659px\" \/><\/figure>\n<\/figure>\n","protected":false},"excerpt":{"rendered":"<p>Hispalis Imperium nace del deseo de unir en un \u00fanico evento el trabajo conjunto de 2 Asociaciones Culturales: \u201cAlea Iacta Est\u201d en Dos Hermanas y \u201cBaluarte\u201d en Sevilla capital y que se han dedicado&#46;&#46;&#46;<\/p>\n","protected":false},"author":1,"featured_media":0,"parent":0,"menu_order":0,"comment_status":"closed","ping_status":"closed","template":"","meta":{"_crdt_document":"","rop_custom_images_group":[],"rop_custom_messages_group":[],"rop_publish_now":"initial","rop_publish_now_accounts":[],"rop_publish_now_history":[],"rop_publish_now_status":"pending","footnotes":""},"class_list":["post-19","page","type-page","status-publish","hentry"],"jetpack_sharing_enabled":true,"_links":{"self":[{"href":"https:\/\/hispalisimperium.es\/index.php?rest_route=\/wp\/v2\/pages\/19","targetHints":{"allow":["GET"]}}],"collection":[{"href":"https:\/\/hispalisimperium.es\/index.php?rest_route=\/wp\/v2\/pages"}],"about":[{"href":"https:\/\/hispalisimperium.es\/index.php?rest_route=\/wp\/v2\/types\/page"}],"author":[{"embeddable":true,"href":"https:\/\/hispalisimperium.es\/index.php?rest_route=\/wp\/v2\/users\/1"}],"replies":[{"embeddable":true,"href":"https:\/\/hispalisimperium.es\/index.php?rest_route=%2Fwp%2Fv2%2Fcomments&post=19"}],"version-history":[{"count":12,"href":"https:\/\/hispalisimperium.es\/index.php?rest_route=\/wp\/v2\/pages\/19\/revisions"}],"predecessor-version":[{"id":938,"href":"https:\/\/hispalisimperium.es\/index.php?rest_route=\/wp\/v2\/pages\/19\/revisions\/938"}],"wp:attachment":[{"href":"https:\/\/hispalisimperium.es\/index.php?rest_route=%2Fwp%2Fv2%2Fmedia&parent=19"}],"curies":[{"name":"wp","href":"https:\/\/api.w.org\/{rel}","templated":true}]}}